							
{"id":414,"date":"2013-04-22T15:06:42","date_gmt":"2013-04-22T15:06:42","guid":{"rendered":"http:\/\/themes.semicolonweb.com\/wp\/coworker\/?page_id=414"},"modified":"2025-02-06T13:44:06","modified_gmt":"2025-02-06T13:44:06","slug":"quem-somos","status":"publish","type":"page","link":"https:\/\/recuperarte.com.br\/?page_id=414","title":{"rendered":"Quem Somos"},"content":{"rendered":"<p><img loading=\"lazy\" decoding=\"async\" class=\"alignright size-full wp-image-2860\" src=\"http:\/\/recuperarte.com.br\/wp-content\/uploads\/2018\/09\/thumb001.jpg\" alt=\"\" width=\"294\" height=\"160\" \/><\/p>\n<p>A Cl\u00ednica RECUPERARTE foi fundada em 1994 pela Terapeuta Ocupacional Patr\u00edcia Neto Barroso e pela Fisioterapeuta \u00c2ngela Maria de Bessa Pessoa. Atualmente \u00e9 formada por Terapeutas Ocupacionais e Fisioterapeutas. Atualmente gerenciada pela Dra. Patr\u00edcia Neto Barroso que possui<br \/>\nampla experi\u00eancia cl\u00ednica e acad\u00eamica doutorado (UFMG) e p\u00f3s-doutorado (UFRJ e UNIVERSIDADE DO PORTO) e especializa\u00e7\u00e3o em Rebilita\u00e7\u00e3o da M\u00e3o pela Faculdade de Medicina da Universidade de S\u00e3o Paulo (FMUSP), com \u00eanfase em tecnologia assistiva e biomec\u00e2nica no desenvolvimento de \u00f3rteses. (lattes CNPQ: 7814171953519254)<\/p>\n<p>Os atendimentos funcionais, enfocando os membros superiores (ombros, cotovelos e m\u00e3os), s\u00e3o realizados por meio de atividades reabilitacionais e vocacionais; adequa\u00e7\u00f5es ambientais; desenvolvimento de \u00f3rteses din\u00e2micas, \u00f3rteses est\u00e1ticas e\/ou \u00f3rteses funcionais confeccionadas em termopl\u00e1stico e neoprene (saiba mais); confec\u00e7\u00e3o de adapta\u00e7\u00f5es e recursos terap\u00eauticos. (saiba mais).<\/p>\n<p>Al\u00e9m das atividades citadas acima, realizam-se tamb\u00e9m consultorias institucionais. (saiba mais)<\/p>\n<p>Para que este desenvolvimento assistencial se tornasse poss\u00edvel foi necess\u00e1rio o trabalho dedicado dos terapeutas, funcion\u00e1rios, clientes, familiares, alunos e m\u00e9dicos colaboradores, especialmente os cirurgi\u00f5es de m\u00e3o, reumatologistas, fisiatras e neurocirurgi\u00f5es.<\/p>\n<blockquote><p>&#8220;Valorizar a diferen\u00e7a do indiv\u00edduo \u00e9 fundamental. A Recuperarte entende que cada um tem seu ponto forte, que o distingue de todos os outros. Valorizar a diferen\u00e7a \u00e9 renovar sem perder a ess\u00eancia. &#8220;<\/p><\/blockquote>\n","protected":false},"excerpt":{"rendered":"<p>A Cl\u00ednica RECUPERARTE foi fundada em 1994 pela Terapeuta Ocupacional Patr\u00edcia Neto Barroso e pela Fisioterapeuta \u00c2ngela Maria de Bessa Pessoa. Atualmente \u00e9 formada por Terapeutas Ocupacionais e Fisioterapeutas. Atualmente gerenciada pela Dra. Patr\u00edcia Neto Barroso que possui ampla experi\u00eancia cl\u00ednica e acad\u00eamica doutorado (UFMG) e p\u00f3s-doutorado (UFRJ e UNIVERSIDADE DO PORTO) e especializa\u00e7\u00e3o em Rebilita\u00e7\u00e3o da M\u00e3o pela Faculdade de Medicina da Universidade de S\u00e3o Paulo (FMUSP), com \u00eanfase [&hellip;]<\/p>\n","protected":false},"author":1,"featured_media":0,"parent":0,"menu_order":0,"comment_status":"open","ping_status":"closed","template":"","meta":{"footnotes":""},"_links":{"self":[{"href":"https:\/\/recuperarte.com.br\/index.php?rest_route=\/wp\/v2\/pages\/414"}],"collection":[{"href":"https:\/\/recuperarte.com.br\/index.php?rest_route=\/wp\/v2\/pages"}],"about":[{"href":"https:\/\/recuperarte.com.br\/index.php?rest_route=\/wp\/v2\/types\/page"}],"author":[{"embeddable":true,"href":"https:\/\/recuperarte.com.br\/index.php?rest_route=\/wp\/v2\/users\/1"}],"replies":[{"embeddable":true,"href":"https:\/\/recuperarte.com.br\/index.php?rest_route=%2Fwp%2Fv2%2Fcomments&post=414"}],"version-history":[{"count":15,"href":"https:\/\/recuperarte.com.br\/index.php?rest_route=\/wp\/v2\/pages\/414\/revisions"}],"predecessor-version":[{"id":3098,"href":"https:\/\/recuperarte.com.br\/index.php?rest_route=\/wp\/v2\/pages\/414\/revisions\/3098"}],"wp:attachment":[{"href":"https:\/\/recuperarte.com.br\/index.php?rest_route=%2Fwp%2Fv2%2Fmedia&parent=414"}],"curies":[{"name":"wp","href":"https:\/\/api.w.org\/{rel}","templated":true}]}}