							
{"id":3028,"date":"2014-05-15T01:06:20","date_gmt":"2014-05-15T01:06:20","guid":{"rendered":"https:\/\/recuperarte.com.br\/?page_id=3028"},"modified":"2019-01-16T18:34:19","modified_gmt":"2019-01-16T18:34:19","slug":"curso-orteses-em-neoprene-com-modelagem-canadense-3-2","status":"publish","type":"page","link":"https:\/\/recuperarte.com.br\/?page_id=3028","title":{"rendered":"Curso \u00d3rteses em Neoprene com Modelagem Canadense &#8211; S\u00e3o Paulo SP"},"content":{"rendered":"<p><img loading=\"lazy\" decoding=\"async\" class=\"alignright wp-image-3009 \" src=\"http:\/\/recuperarte.com.br\/wp-content\/uploads\/2019\/01\/WhatsApp-Image-2019-01-09-at-13.34.13-5.jpeg\" alt=\"\" width=\"395\" height=\"400\" srcset=\"https:\/\/recuperarte.com.br\/wp-content\/uploads\/2019\/01\/WhatsApp-Image-2019-01-09-at-13.34.13-5.jpeg 796w, https:\/\/recuperarte.com.br\/wp-content\/uploads\/2019\/01\/WhatsApp-Image-2019-01-09-at-13.34.13-5-768x777.jpeg 768w, https:\/\/recuperarte.com.br\/wp-content\/uploads\/2019\/01\/WhatsApp-Image-2019-01-09-at-13.34.13-5-720x728.jpeg 720w\" sizes=\"(max-width: 395px) 100vw, 395px\" \/><\/p>\n<h2>Curso \u00d3rteses em Neoprene com Modelagem Canadense<\/h2>\n<p>O curso proporciona o conhecimento te\u00f3rico e pr\u00e1tico relacionado biomec\u00e2nica e confec\u00e7\u00e3o de \u00d3rteses para membros superiores.<\/p>\n<p><strong>Palestrante<\/strong>:<br \/>\n<em>Prof\u00aa Dra: Patr\u00edcia Neto Barroso<\/em><\/p>\n<ul>\n<li>Terapeuta ocupacional p\u00f3s-graduada em Reabilita\u00e7\u00e3o da M\u00e3o &#8211; USP;<\/li>\n<li>Doutora e P\u00f3s-doutora em Bioengenharia UFMG e UFRJ;<\/li>\n<li>Membro efetivo e ex-presidente da Sociedade Brasileira de Terapia de M\u00e3o;<\/li>\n<li>Curso de aperfei\u00e7oamento oferecido pela \u201cInternational Federation of Societies for Hand Therapy\u201d, IFSHT, Canad\u00e1;<\/li>\n<li>Extens\u00e3o universit\u00e1ria em Est\u00e1gios:\n<ul>\n<li>\u201cThe Philadelphia Hand Center\u201d, \u201cRegional Hand Center\u201d, \u201cCleveland Clinic Florida e \u201cCenter For Sports Medicine and Rehabilitation\u201d &#8211; Estados Unidos;<\/li>\n<li>\u201cInstitut Europ\u00e9en de la Main\u201d \u2013 Fran\u00e7a;.<\/li>\n<\/ul>\n<\/li>\n<li>Experi\u00eancia acad\u00eamica em cursos de gradua\u00e7\u00e3o e P\u00f3s-gradua\u00e7\u00e3o em reabilita\u00e7\u00e3o do membro superior da FCMMG, USP, UFMG, PUCMG e UNIPAC.<\/li>\n<li>Membro Pesquisador do laborat\u00f3rio de Bioengenharia \u2013 UFMG;<\/li>\n<li>Consultora Cl\u00ednica da Ind\u00fastria de \u00d3rteses Autonomie.<\/li>\n<\/ul>\n<p><strong>Curr\u00edculo Lattes:\u00a0<\/strong><a href=\"http:\/\/lattes.cnpq.br\/7814171953519254\" target=\"_blank\" rel=\"noopener\">http:\/\/lattes.cnpq.br\/7814171953519254<\/a><br \/>\n<strong>Facebook<\/strong><a href=\"http:\/\/www.facebook.com\/patricia.netobarroso\" target=\"_blank\" rel=\"noopener\">: http:\/\/www.facebook.com\/patricia.netobarroso<\/a><br \/>\n<strong>Instagram:<\/strong><a href=\"https:\/\/www.instagram.com\/patricianetobarroso\" target=\"_blank\" rel=\"noopener\">https:\/\/www.instagram.com\/patricianetobarroso<\/a><br \/>\n<div class=\"dotted-divider\"><\/div>\n<h3><span style=\"color: #0e948f;\">CRONOGRAMA<\/span><\/h3>\n<p><strong>M\u00d3DULO TE\u00d3RICO <\/strong><br \/>\n\u2022 Biomec\u00e2nica aplicada \u00e0 \u00f3rtese;<br \/>\n\u2022 Anatomia funcional da m\u00e3o;<br \/>\n\u2022 Conceitos gerais para modelagem e confec\u00e7\u00e3o de \u00f3rteses;<br \/>\n\u2022 Prescri\u00e7\u00e3o, indica\u00e7\u00e3o e avalia\u00e7\u00e3o de \u00f3rteses;<br \/>\n\u2022 Import\u00e2ncia e diferencia\u00e7\u00e3o entre a modelagem francesa e americana.<\/p>\n<p><strong>M\u00d3DULO PR\u00c1TICO<\/strong><br \/>\n\u2022 Modelagem francesa e americana.<br \/>\ne confec\u00e7\u00e3o de \u00f3rteses;<\/p>\n<p><strong>DATAS:<\/strong><br \/>\n04 e\u00a0 05 de maio de 2019 (s\u00e1bado e domingo )<br \/>\n(Carga hor\u00e1ria total: 12 Horas)<\/p>\n<p><strong>LOCAL:<\/strong>\u00a0S\u00e3o Paulo &#8211; SP<\/p>\n<p><strong>INVESTIMENTO<\/strong>:<br \/>\nOs pagamentos ser\u00e3o efetuados via dep\u00f3sito banc\u00e1rio.<\/p>\n<p>Os valores para o curso em SP ser\u00e3o:<br \/>\n&#8211; At\u00e9 20\/01\u2013 Valor: R $480,00<br \/>\n&#8211; At\u00e9 20\/03 \u2013 Valor: R$ 600,00<br \/>\n-At\u00e9 20\/04 \u2013 Valor: R$ 700,00<\/p>\n<p>*Condi\u00e7\u00f5es de parcelamento consultar por e-mail.<\/p>\n<p><strong>INSCRI\u00c7\u00d5ES:<\/strong><\/p>\n<p>Inscri\u00e7\u00f5es pelo e-mail: cursos@recuperarte.com.br<\/p>\n<p>&nbsp;<\/p>\n<p><strong><em>As vagas ser\u00e3o limitadas!<\/em><\/strong><\/p>\n<p><strong>Informa\u00e7\u00f5es:<\/strong><br \/>\nCl\u00ednica Recuperarte: (31)3335-2168\/9 8402-1514 &#8211; E-mail: cursos@recuperarte.com.br<br \/>\n<div class=\"dotted-divider\"><\/div>\n<p>&nbsp;<\/p>\n","protected":false},"excerpt":{"rendered":"<p>Curso \u00d3rteses em Neoprene com Modelagem Canadense O curso proporciona o conhecimento te\u00f3rico e pr\u00e1tico relacionado biomec\u00e2nica e confec\u00e7\u00e3o de \u00d3rteses para membros superiores. Palestrante: Prof\u00aa Dra: Patr\u00edcia Neto Barroso Terapeuta ocupacional p\u00f3s-graduada em Reabilita\u00e7\u00e3o da M\u00e3o &#8211; USP; Doutora e P\u00f3s-doutora em Bioengenharia UFMG e UFRJ; Membro efetivo e ex-presidente da Sociedade Brasileira de Terapia de M\u00e3o; Curso de aperfei\u00e7oamento oferecido pela \u201cInternational Federation of Societies for Hand Therapy\u201d, [&hellip;]<\/p>\n","protected":false},"author":1,"featured_media":0,"parent":0,"menu_order":0,"comment_status":"open","ping_status":"closed","template":"","meta":{"footnotes":""},"_links":{"self":[{"href":"https:\/\/recuperarte.com.br\/index.php?rest_route=\/wp\/v2\/pages\/3028"}],"collection":[{"href":"https:\/\/recuperarte.com.br\/index.php?rest_route=\/wp\/v2\/pages"}],"about":[{"href":"https:\/\/recuperarte.com.br\/index.php?rest_route=\/wp\/v2\/types\/page"}],"author":[{"embeddable":true,"href":"https:\/\/recuperarte.com.br\/index.php?rest_route=\/wp\/v2\/users\/1"}],"replies":[{"embeddable":true,"href":"https:\/\/recuperarte.com.br\/index.php?rest_route=%2Fwp%2Fv2%2Fcomments&post=3028"}],"version-history":[{"count":6,"href":"https:\/\/recuperarte.com.br\/index.php?rest_route=\/wp\/v2\/pages\/3028\/revisions"}],"predecessor-version":[{"id":3052,"href":"https:\/\/recuperarte.com.br\/index.php?rest_route=\/wp\/v2\/pages\/3028\/revisions\/3052"}],"wp:attachment":[{"href":"https:\/\/recuperarte.com.br\/index.php?rest_route=%2Fwp%2Fv2%2Fmedia&parent=3028"}],"curies":[{"name":"wp","href":"https:\/\/api.w.org\/{rel}","templated":true}]}}