							
{"id":2959,"date":"2014-05-15T01:06:20","date_gmt":"2014-05-15T01:06:20","guid":{"rendered":"https:\/\/recuperarte.com.br\/casos-clinicos-2\/"},"modified":"2025-02-05T16:27:50","modified_gmt":"2025-02-05T16:27:50","slug":"recursos-terapeuticos","status":"publish","type":"page","link":"https:\/\/recuperarte.com.br\/?page_id=2959","title":{"rendered":"Recursos Terap\u00eauticos"},"content":{"rendered":"<table border=\"0\" width=\"100%\" cellspacing=\"0\" cellpadding=\"0\" align=\"center\">\n<tbody>\n<tr>\n<td class=\"TextoJustificado\" align=\"left\">Recursos terap\u00eauticos podem ser atividades, objetos, t\u00e9cnicas e m\u00e9todos utilizados com o objetivo de auxiliar o cliente durante seu processo de reabilita\u00e7\u00e3o. Os recursos terap\u00eauticos podem facilitar a realiza\u00e7\u00e3o de atividades, de forma a promover a independ\u00eancia pessoal e a melhora da funcionalidade e qualidade de vida. Na\u00a0<strong>cl\u00ednica RECUPERARTE<\/strong>, o Terapeuta Ocupacional planeja esses recursos de acordo com as necessidades e desejos do paciente e utiliza como estrat\u00e9gia durante o processo de interven\u00e7\u00e3o, de forma a ampliar o desempenho e participa\u00e7\u00e3o social do indiv\u00edduo.Caso qualquer problema interfira no desempenho ocupacional, o homem fica desorganizado, trazendo altera\u00e7\u00f5es das fun\u00e7\u00f5es corporais, ps\u00edquicas e\/ou sociais, dificultando a funcionalidade. Nestes casos, \u00e9 necess\u00e1ria a interven\u00e7\u00e3o do Terapeuta Ocupacional, profissional que utiliza como principal recurso terap\u00eautico a atividade ou ocupa\u00e7\u00e3o humana.<\/p>\n<p>O terapeuta ocupacional deve saber analisar o sistema ocupacional humano, e conhecer as possibilidades terap\u00eauticas de cada atividade, com o objetivo de prevenir ou tratar dificuldades que interfiram no desenvolvimento e na independ\u00eancia do cliente em rela\u00e7\u00e3o \u00e0s atividades de vida di\u00e1ria, trabalho e lazer.<\/p>\n<p>Dessa forma, na\u00a0<strong>cl\u00ednica RECUPERARTE<\/strong>, o Terapeuta Ocupacional pode utilizar como recurso terap\u00eautico diferentes tipos de atividades, bem como utilizar \u00f3rteses e tecnologia assistiva para promover adapta\u00e7\u00f5es em utens\u00edlios e no ambiente, a fim de auxiliar o indiv\u00edduo a realizar as atividades que precisa ou queira fazer.<br \/>\n<div class=\"dotted-divider\"><\/div>\n<a href=\"http:\/\/www.autonomie.com.br\/\" target=\"_blank\" rel=\"noopener\"><strong><img loading=\"lazy\" decoding=\"async\" class=\"size-full wp-image-2973 aligncenter\" src=\"http:\/\/recuperarte.com.br\/wp-content\/uploads\/2018\/11\/logo2.png\" alt=\"\" width=\"272\" height=\"80\" \/><\/strong><\/a><\/p>\n<p style=\"text-align: center;\">Produtos dispon\u00edveis na Cl\u00ednica Recuperarte e tamb\u00e9m no site da <strong>Autonomie <\/strong>(<strong><u><a href=\"http:\/\/www.autonomie.com.br\" target=\"_blank\" rel=\"noopener\">www.autonomie.com.br<\/a><\/u><\/strong>)<\/p>\n<div class=\"dotted-divider\"><\/div>\n<strong>Confira abaixo alguns dos recursos terap\u00eauticos desenvolvidos pela cl\u00ednica RECUPERARTE<\/strong><\/p>\n<p><strong><span class=\"FonteGrande\"><br \/>\nMESA LABBIO<\/span><\/strong><br \/>\n(patente depositada pela UFMG)<\/p>\n<table border=\"0\" width=\"618\" cellspacing=\"0\" cellpadding=\"0\">\n<tbody>\n<tr>\n<td align=\"left\" width=\"206\"><a><img loading=\"lazy\" decoding=\"async\" src=\"https:\/\/recuperarte.com.br\/images\/recurso01p.jpg\" width=\"164\" height=\"122\" border=\"0\" \/><\/a><\/td>\n<td align=\"left\" width=\"206\"><a><img loading=\"lazy\" decoding=\"async\" src=\"https:\/\/recuperarte.com.br\/images\/recurso02p.jpg\" width=\"164\" height=\"122\" border=\"0\" \/><\/a><\/td>\n<td align=\"left\" width=\"206\"><a><img loading=\"lazy\" decoding=\"async\" src=\"https:\/\/recuperarte.com.br\/images\/recurso03p.jpg\" width=\"164\" height=\"122\" border=\"0\" \/><\/a><\/td>\n<\/tr>\n<tr>\n<td align=\"left\"><\/td>\n<td align=\"left\"><\/td>\n<td align=\"left\"><\/td>\n<\/tr>\n<tr>\n<td align=\"left\"><a><img loading=\"lazy\" decoding=\"async\" src=\"https:\/\/recuperarte.com.br\/images\/recurso04p.jpg\" width=\"164\" height=\"122\" border=\"0\" \/><\/a><\/td>\n<td align=\"left\"><a><img loading=\"lazy\" decoding=\"async\" src=\"https:\/\/recuperarte.com.br\/images\/recurso05p.jpg\" width=\"164\" height=\"122\" border=\"0\" \/><\/a><\/td>\n<td align=\"left\"><\/td>\n<\/tr>\n<\/tbody>\n<\/table>\n<hr \/>\n<p><span class=\"FonteGrande\"><strong>ALONGADOR MI\u00c1LGICO<br \/>\n<\/strong><\/span>Dispositivo utilizado para alongamento dos m\u00fasculos flexores da m\u00e3o, gradualmente e monitorado pelo indiv\u00edduo afetado.<\/p>\n<table border=\"0\" width=\"618\" cellspacing=\"0\" cellpadding=\"0\">\n<tbody>\n<tr>\n<td align=\"left\" width=\"206\"><a><img loading=\"lazy\" decoding=\"async\" src=\"https:\/\/recuperarte.com.br\/images\/recurso06p.jpg\" width=\"164\" height=\"122\" border=\"0\" \/><\/a><\/td>\n<td align=\"left\" width=\"206\"><\/td>\n<td align=\"left\" width=\"206\"><\/td>\n<\/tr>\n<\/tbody>\n<\/table>\n<hr \/>\n<p><span class=\"FonteGrande\"><strong>QUADRO L\u00daDICO<br \/>\n<\/strong><\/span><em>(Dep\u00f3sito de patente INPI \u2116 0600561-6)<\/em>Os Quadros l\u00fadicos da Recuperarte pretendem desenvolver a manipula\u00e7\u00e3o bilateral e estimular a cogni\u00e7\u00e3o, uma vez que solicitam a montagem das pe\u00e7as e a estrutura\u00e7\u00e3o de bonecos e de ambientes.<\/p>\n<table border=\"0\" width=\"618\" cellspacing=\"0\" cellpadding=\"0\">\n<tbody>\n<tr>\n<td align=\"left\" width=\"206\"><a><img loading=\"lazy\" decoding=\"async\" src=\"https:\/\/recuperarte.com.br\/images\/recurso07p.jpg\" width=\"164\" height=\"122\" border=\"0\" \/><\/a><\/td>\n<td align=\"left\" width=\"206\"><a><img loading=\"lazy\" decoding=\"async\" src=\"https:\/\/recuperarte.com.br\/images\/recurso08p.jpg\" width=\"164\" height=\"122\" border=\"0\" \/><\/a><\/td>\n<td align=\"left\" width=\"206\"><a><img loading=\"lazy\" decoding=\"async\" src=\"https:\/\/recuperarte.com.br\/images\/recurso09p.jpg\" width=\"164\" height=\"122\" border=\"0\" \/><\/a><\/td>\n<\/tr>\n<\/tbody>\n<\/table>\n<\/td>\n<\/tr>\n<tr>\n<td class=\"TextoJustificado\" align=\"left\"><a class=\"linkAzul\" href=\"https:\/\/recuperarte.com.br\/?page_id=2947\">&lt;&lt;voltar<\/a><\/td>\n<\/tr>\n<\/tbody>\n<\/table>\n","protected":false},"excerpt":{"rendered":"<p>Recursos terap\u00eauticos podem ser atividades, objetos, t\u00e9cnicas e m\u00e9todos utilizados com o objetivo de auxiliar o cliente durante seu processo de reabilita\u00e7\u00e3o. Os recursos terap\u00eauticos podem facilitar a realiza\u00e7\u00e3o de atividades, de forma a promover a independ\u00eancia pessoal e a melhora da funcionalidade e qualidade de vida. Na\u00a0cl\u00ednica RECUPERARTE, o Terapeuta Ocupacional planeja esses recursos de acordo com as necessidades e desejos do paciente e utiliza como estrat\u00e9gia durante o [&hellip;]<\/p>\n","protected":false},"author":1,"featured_media":0,"parent":0,"menu_order":0,"comment_status":"open","ping_status":"closed","template":"","meta":{"footnotes":""},"_links":{"self":[{"href":"https:\/\/recuperarte.com.br\/index.php?rest_route=\/wp\/v2\/pages\/2959"}],"collection":[{"href":"https:\/\/recuperarte.com.br\/index.php?rest_route=\/wp\/v2\/pages"}],"about":[{"href":"https:\/\/recuperarte.com.br\/index.php?rest_route=\/wp\/v2\/types\/page"}],"author":[{"embeddable":true,"href":"https:\/\/recuperarte.com.br\/index.php?rest_route=\/wp\/v2\/users\/1"}],"replies":[{"embeddable":true,"href":"https:\/\/recuperarte.com.br\/index.php?rest_route=%2Fwp%2Fv2%2Fcomments&post=2959"}],"version-history":[{"count":3,"href":"https:\/\/recuperarte.com.br\/index.php?rest_route=\/wp\/v2\/pages\/2959\/revisions"}],"predecessor-version":[{"id":3097,"href":"https:\/\/recuperarte.com.br\/index.php?rest_route=\/wp\/v2\/pages\/2959\/revisions\/3097"}],"wp:attachment":[{"href":"https:\/\/recuperarte.com.br\/index.php?rest_route=%2Fwp%2Fv2%2Fmedia&parent=2959"}],"curies":[{"name":"wp","href":"https:\/\/api.w.org\/{rel}","templated":true}]}}