							
{"id":2956,"date":"2014-05-15T01:06:20","date_gmt":"2014-05-15T01:06:20","guid":{"rendered":"https:\/\/recuperarte.com.br\/casos-clinicos-2\/"},"modified":"2025-02-05T16:27:37","modified_gmt":"2025-02-05T16:27:37","slug":"adaptacoes","status":"publish","type":"page","link":"https:\/\/recuperarte.com.br\/?page_id=2956","title":{"rendered":"Adapta\u00e7\u00f5es"},"content":{"rendered":"<p>Ao se acompanharem pacientes com diferentes tipos de dificuldades, sejam estas motoras, cognitivas ou sociais, fica clara a necessidade do Terapeuta Ocupacional de orientar este cliente quanto \u00e0s poss\u00edveis adapta\u00e7\u00f5es que podem ser realizadas. Estas adapta\u00e7\u00f5es podem ocorrer em tr\u00eas n\u00edveis diferentes:<\/p>\n<ul>\n<li>Adapta\u00e7\u00e3o da\u00a0<strong>tarefa\/atividade<\/strong>\u00a0(ex: pessoas com habilidade manual reduzida podem usar sapatos com velcro ao inv\u00e9s de sapatos de cord\u00f5es).<\/li>\n<li>Adapta\u00e7\u00e3o do\u00a0<strong>m\u00e9todo de realiza\u00e7\u00e3o<\/strong>\u00a0da tarefa (ex: pessoas que apresentam um lado do corpo paralisado podem usar um \u201cabotoador\u201d para facilitar o \u201cabotoar camisa\u201d).<\/li>\n<li>Adapta\u00e7\u00e3o do\u00a0<strong>ambiente<\/strong>\u00a0(ex: coloca\u00e7\u00e3o de barras de seguran\u00e7a no banheiro para pessoas que apresentam equil\u00edbrio reduzido; uso de ma\u00e7anetas alongadas ao inv\u00e9s de ma\u00e7anetas do tipo \u201cbola\u201d para indiv\u00edduos com artrite reumat\u00f3ide).<\/li>\n<\/ul>\n<p>As adapta\u00e7\u00f5es podem reduzir a demanda de uma tarefa ou do pr\u00f3prio ambiente, ou seja, a prescri\u00e7\u00e3o e o treino de uma adapta\u00e7\u00e3o tem como objetivo facilitar o desempenho do indiv\u00edduo em suas atividades cotidianas, de forma a promover a independ\u00eancia e autonomia no gerenciamento de sua pr\u00f3pria vida e em sua rela\u00e7\u00e3o com a sociedade.<\/p>\n<p>Desta forma, na cl\u00edna RECUPERARTE, nos casos onde o Terapeuta Ocupacional avalie a necessidade de adapta\u00e7\u00e3o, busca-se adaptar os recursos de acordo com a<strong>\u00a0necessidade e desejo do paciente<\/strong>.<\/p>\n<p>Proporcionar \u00e0s pessoas com alguma dificuldade maior independ\u00eancia, qualidade de vida, inclus\u00e3o social e autonomia \u00e9 fundamental para a integra\u00e7\u00e3o destes indiv\u00edduos com o seu ambiente.<\/p>\n<p>A adapta\u00e7\u00e3o pode minimizar o impacto da limita\u00e7\u00e3o, otimizar a funcionalidade do indiv\u00edduo e principalmente, promover a participa\u00e7\u00e3o e o envolvimento do mesmo em suas atividades di\u00e1rias. Todos estes aspectos podem contribuir para o resgate do sentimento de auto-estima, compet\u00eancia e realiza\u00e7\u00e3o.<br \/>\n<div class=\"dotted-divider\"><\/div>\n<a href=\"http:\/\/www.autonomie.com.br\/\" target=\"_blank\" rel=\"noopener\"><strong><img loading=\"lazy\" decoding=\"async\" class=\"size-full wp-image-2973 aligncenter\" src=\"http:\/\/recuperarte.com.br\/wp-content\/uploads\/2018\/11\/logo2.png\" alt=\"\" width=\"272\" height=\"80\" \/><\/strong><\/a><\/p>\n<p style=\"text-align: center;\">Produtos dispon\u00edveis na Cl\u00ednica Recuperarte e tamb\u00e9m no site da <strong>Autonomie <\/strong>(<strong><u><a href=\"http:\/\/www.autonomie.com.br\" target=\"_blank\" rel=\"noopener\">www.autonomie.com.br<\/a><\/u><\/strong>)<\/p>\n<div class=\"dotted-divider\"><\/div>\n<strong><br \/>\n<\/strong><strong>Confira abaixo algumas adapta\u00e7\u00f5es desenvolvidas pela cl\u00ednica RECUPERARTE<\/strong><\/p>\n<table border=\"0\" width=\"618\" cellspacing=\"0\" cellpadding=\"0\">\n<tbody>\n<tr>\n<td align=\"left\" width=\"206\"><a><img loading=\"lazy\" decoding=\"async\" src=\"https:\/\/recuperarte.com.br\/images\/a01p.jpg\" width=\"164\" height=\"122\" border=\"0\" \/><\/a><\/td>\n<td align=\"left\" width=\"206\"><a><img loading=\"lazy\" decoding=\"async\" src=\"https:\/\/recuperarte.com.br\/images\/a02p.jpg\" width=\"164\" height=\"122\" border=\"0\" \/><\/a><\/td>\n<td align=\"left\" width=\"206\"><\/td>\n<\/tr>\n<tr>\n<td align=\"left\">Adapta\u00e7\u00e3o para vassoura<\/td>\n<td align=\"left\">Adapta\u00e7\u00e3o para bot\u00f5es<\/td>\n<td align=\"left\"><\/td>\n<\/tr>\n<\/tbody>\n<\/table>\n<hr \/>\n<p><strong><span class=\"FonteGrande\">Adapta\u00e7\u00e3o universal<br \/>\n<\/span><\/strong><em>(Dep\u00f3sito de patente INPI \u2116 0600561-6)<\/em><\/p>\n<p>Confeccionada em neoprene\u00ae, a adapta\u00e7\u00e3o universal da Recuperarte, acopla-se a objetos como escova de dente, pentes, l\u00e1pis ou canetas e talheres. O objetivo principal desta tecnologia assistiva \u00e9 a implementa\u00e7\u00e3o da funcionalidade e autonomia.<\/p>\n<table border=\"0\" width=\"618\" cellspacing=\"0\" cellpadding=\"0\">\n<tbody>\n<tr>\n<td align=\"left\" width=\"206\"><a><img loading=\"lazy\" decoding=\"async\" src=\"https:\/\/recuperarte.com.br\/images\/a03p.jpg\" width=\"164\" height=\"122\" border=\"0\" \/><\/a><\/td>\n<td align=\"left\" width=\"206\"><a><img loading=\"lazy\" decoding=\"async\" src=\"https:\/\/recuperarte.com.br\/images\/a04p.jpg\" width=\"164\" height=\"122\" border=\"0\" \/><\/a><\/td>\n<td align=\"left\" width=\"206\"><\/td>\n<\/tr>\n<\/tbody>\n<\/table>\n<p><a class=\"linkAzul\" href=\"https:\/\/recuperarte.com.br\/?page_id=2947\">&lt;&lt;voltar<\/a><\/p>\n","protected":false},"excerpt":{"rendered":"<p>Ao se acompanharem pacientes com diferentes tipos de dificuldades, sejam estas motoras, cognitivas ou sociais, fica clara a necessidade do Terapeuta Ocupacional de orientar este cliente quanto \u00e0s poss\u00edveis adapta\u00e7\u00f5es que podem ser realizadas. Estas adapta\u00e7\u00f5es podem ocorrer em tr\u00eas n\u00edveis diferentes: Adapta\u00e7\u00e3o da\u00a0tarefa\/atividade\u00a0(ex: pessoas com habilidade manual reduzida podem usar sapatos com velcro ao inv\u00e9s de sapatos de cord\u00f5es). Adapta\u00e7\u00e3o do\u00a0m\u00e9todo de realiza\u00e7\u00e3o\u00a0da tarefa (ex: pessoas que apresentam um [&hellip;]<\/p>\n","protected":false},"author":1,"featured_media":0,"parent":0,"menu_order":0,"comment_status":"open","ping_status":"closed","template":"","meta":{"footnotes":""},"_links":{"self":[{"href":"https:\/\/recuperarte.com.br\/index.php?rest_route=\/wp\/v2\/pages\/2956"}],"collection":[{"href":"https:\/\/recuperarte.com.br\/index.php?rest_route=\/wp\/v2\/pages"}],"about":[{"href":"https:\/\/recuperarte.com.br\/index.php?rest_route=\/wp\/v2\/types\/page"}],"author":[{"embeddable":true,"href":"https:\/\/recuperarte.com.br\/index.php?rest_route=\/wp\/v2\/users\/1"}],"replies":[{"embeddable":true,"href":"https:\/\/recuperarte.com.br\/index.php?rest_route=%2Fwp%2Fv2%2Fcomments&post=2956"}],"version-history":[{"count":4,"href":"https:\/\/recuperarte.com.br\/index.php?rest_route=\/wp\/v2\/pages\/2956\/revisions"}],"predecessor-version":[{"id":3096,"href":"https:\/\/recuperarte.com.br\/index.php?rest_route=\/wp\/v2\/pages\/2956\/revisions\/3096"}],"wp:attachment":[{"href":"https:\/\/recuperarte.com.br\/index.php?rest_route=%2Fwp%2Fv2%2Fmedia&parent=2956"}],"curies":[{"name":"wp","href":"https:\/\/api.w.org\/{rel}","templated":true}]}}