							
{"id":2947,"date":"2018-11-12T17:48:39","date_gmt":"2018-11-12T17:48:39","guid":{"rendered":"https:\/\/recuperarte.com.br\/?page_id=2947"},"modified":"2019-02-07T16:38:10","modified_gmt":"2019-02-07T16:38:10","slug":"produtos","status":"publish","type":"page","link":"https:\/\/recuperarte.com.br\/?page_id=2947","title":{"rendered":"Produtos"},"content":{"rendered":"<p>Cada produto da\u00a0<strong>Cl\u00ednica Recuperarte<\/strong>\u00a0\u00e9 desenvolvido a partir de dados sobre a percep\u00e7\u00e3o do pr\u00f3prio indiv\u00edduo quanto \u00e0 sua participa\u00e7\u00e3o em pap\u00e9is que desempenha ao longo de sua vida, considerando todas as suas necessidades, sejam fisiol\u00f3gicas, emocionais, motoras para sua adapta\u00e7\u00e3o \u00e0 nova realidade, ou para que o per\u00edodo de recupera\u00e7\u00e3o seja produtivo e atinja as metas procuradas.<\/p>\n<p><strong>Entre os produtos disponibilizados temos:<\/strong><\/p>\n<p>&#8211;\u00a0<strong><a class=\"linkAzul\" href=\"https:\/\/recuperarte.com.br\/?page_id=2946\">\u00d3rteses<\/a><\/strong><br \/>\n&#8211;\u00a0<strong><a class=\"linkAzul\" href=\"https:\/\/recuperarte.com.br\/?page_id=2956\">Adapta\u00e7\u00f5es<\/a><\/strong><br \/>\n&#8211;\u00a0<strong><a class=\"linkAzul\" href=\"https:\/\/recuperarte.com.br\/?page_id=2959\">Recursos Terap\u00eauticos<\/a><\/strong><br \/>\n<div class=\"dotted-divider\"><\/div>\n<a href=\"http:\/\/www.autonomie.com.br\/\" target=\"_blank\" rel=\"noopener\"><strong><img loading=\"lazy\" decoding=\"async\" class=\"size-full wp-image-2973 aligncenter\" src=\"http:\/\/recuperarte.com.br\/wp-content\/uploads\/2018\/11\/logo2.png\" alt=\"\" width=\"272\" height=\"80\" \/><\/strong><\/a><\/p>\n<p style=\"text-align: center;\">Produtos dispon\u00edveis na Cl\u00ednica Recuperarte e tamb\u00e9m no site da <strong>Autonomie <\/strong>(<strong><u><a href=\"http:\/\/www.autonomie.com.br\" target=\"_blank\" rel=\"noopener\">www.autonomie.com.br<\/a><\/u><\/strong>)<\/p>\n","protected":false},"excerpt":{"rendered":"<p>Cada produto da\u00a0Cl\u00ednica Recuperarte\u00a0\u00e9 desenvolvido a partir de dados sobre a percep\u00e7\u00e3o do pr\u00f3prio indiv\u00edduo quanto \u00e0 sua participa\u00e7\u00e3o em pap\u00e9is que desempenha ao longo de sua vida, considerando todas as suas necessidades, sejam fisiol\u00f3gicas, emocionais, motoras para sua adapta\u00e7\u00e3o \u00e0 nova realidade, ou para que o per\u00edodo de recupera\u00e7\u00e3o seja produtivo e atinja as metas procuradas. Entre os produtos disponibilizados temos: &#8211;\u00a0\u00d3rteses &#8211;\u00a0Adapta\u00e7\u00f5es &#8211;\u00a0Recursos Terap\u00eauticos Produtos dispon\u00edveis na Cl\u00ednica [&hellip;]<\/p>\n","protected":false},"author":1,"featured_media":0,"parent":0,"menu_order":0,"comment_status":"closed","ping_status":"closed","template":"","meta":{"footnotes":""},"_links":{"self":[{"href":"https:\/\/recuperarte.com.br\/index.php?rest_route=\/wp\/v2\/pages\/2947"}],"collection":[{"href":"https:\/\/recuperarte.com.br\/index.php?rest_route=\/wp\/v2\/pages"}],"about":[{"href":"https:\/\/recuperarte.com.br\/index.php?rest_route=\/wp\/v2\/types\/page"}],"author":[{"embeddable":true,"href":"https:\/\/recuperarte.com.br\/index.php?rest_route=\/wp\/v2\/users\/1"}],"replies":[{"embeddable":true,"href":"https:\/\/recuperarte.com.br\/index.php?rest_route=%2Fwp%2Fv2%2Fcomments&post=2947"}],"version-history":[{"count":12,"href":"https:\/\/recuperarte.com.br\/index.php?rest_route=\/wp\/v2\/pages\/2947\/revisions"}],"predecessor-version":[{"id":3064,"href":"https:\/\/recuperarte.com.br\/index.php?rest_route=\/wp\/v2\/pages\/2947\/revisions\/3064"}],"wp:attachment":[{"href":"https:\/\/recuperarte.com.br\/index.php?rest_route=%2Fwp%2Fv2%2Fmedia&parent=2947"}],"curies":[{"name":"wp","href":"https:\/\/api.w.org\/{rel}","templated":true}]}}