							
{"id":2946,"date":"2014-05-15T01:06:20","date_gmt":"2014-05-15T01:06:20","guid":{"rendered":"https:\/\/recuperarte.com.br\/casos-clinicos-2\/"},"modified":"2025-02-05T16:27:23","modified_gmt":"2025-02-05T16:27:23","slug":"orteses","status":"publish","type":"page","link":"https:\/\/recuperarte.com.br\/?page_id=2946","title":{"rendered":"\u00d3rteses"},"content":{"rendered":"<table border=\"0\" width=\"100%\" cellspacing=\"0\" cellpadding=\"0\" align=\"center\">\n<tbody>\n<tr>\n<td class=\"TextoJustificado\" align=\"left\"><strong>\u00d3rteses\u00a0<\/strong>s\u00e3o dispositivos que auxiliam o membro acometido durante a reabilita\u00e7\u00e3o funcional da m\u00e3o. Elas controlam, preservam, modificam e aumentam a mobilidade com o intuito de corrigir e adequar desvios e contraturas articulares.Entre as muitas vantagens, as \u00f3rteses proporcionam tratamentos menos dolorosos, mais modernos e per\u00edodos de recupera\u00e7\u00e3o muitas vezes mais curtos, possibilitando um retorno mais r\u00e1pido \u00e0s atividades de vida di\u00e1ria.Os tipos de \u00f3rteses variam de acordo com a necessidade do paciente. Quanto a classifica\u00e7\u00e3o, as \u00f3rteses podem ser pr\u00e9-fabricadas, que s\u00e3o feitas em s\u00e9rie, ou serem confeccionadas sob medida pelo terapeuta ocupacional respeitando as caracter\u00edsticas anat\u00f4micas individuais.<\/p>\n<p>Ap\u00f3s sua confec\u00e7\u00e3o, faz-se necess\u00e1rio um acompanhamento com observa\u00e7\u00e3o criteriosa do terapeuta ocupacional quanto \u00e0 melhora do padr\u00e3o funcional com o uso da \u00f3rtese e a opini\u00e3o do paciente (quando poss\u00edvel) ou familiar quanto ao benef\u00edcio obtido.<\/p>\n<p>As \u00f3rteses sempre devem ser individuais, bem como relacionadas a um programa de exerc\u00edcios e atividades, sendo que ajustes constantes devem ser feitos.<br \/>\n<div class=\"dotted-divider\"><\/div>\n<a href=\"http:\/\/www.autonomie.com.br\/\" target=\"_blank\" rel=\"noopener\"><strong><img loading=\"lazy\" decoding=\"async\" class=\"size-full wp-image-2973 aligncenter\" src=\"http:\/\/recuperarte.com.br\/wp-content\/uploads\/2018\/11\/logo2.png\" alt=\"\" width=\"272\" height=\"80\" \/><\/strong><\/a><\/p>\n<p style=\"text-align: center;\">Produtos dispon\u00edveis na Cl\u00ednica Recuperarte e tamb\u00e9m no site da <strong>Autonomie <\/strong>(<strong><u><a href=\"http:\/\/www.autonomie.com.br\" target=\"_blank\" rel=\"noopener\">www.autonomie.com.br<\/a><\/u><\/strong>)<\/p>\n<div class=\"dotted-divider\"><\/div>\n<strong>Confira abaixo algumas \u00f3rteses desenvolvidas pela RECUPERARTE<\/strong><\/p>\n<p><span class=\"FonteGrande\"><strong>PEIXE L\u00daDICO PARA TERAPIA RESTRITIVA<\/strong><\/span><br \/>\n(<em>Dep\u00f3sito de patente INPI \u2116 0600561-6<\/em>)<\/p>\n<p>Indicada para indiv\u00edduos que apresentem altera\u00e7\u00f5es neurol\u00f3gicas, como por exemplo, paralisias cerebrais. Estimula, de maneira l\u00fadica, a bimanualidade e proporciona funcionalidade por meio da restri\u00e7\u00e3o da m\u00e3o n\u00e3o afetada estimulando o uso da m\u00e3o afetada. Confeccionada em neoprene\u00ae e acompanhada de objetos l\u00fadicos.<\/p>\n<table border=\"0\" width=\"618\" cellspacing=\"0\" cellpadding=\"0\">\n<tbody>\n<tr>\n<td align=\"left\" width=\"206\"><a><img loading=\"lazy\" decoding=\"async\" src=\"https:\/\/recuperarte.com.br\/images\/p11p.jpg\" width=\"164\" height=\"122\" border=\"0\" \/><\/a><\/td>\n<td align=\"left\" width=\"206\"><a><img loading=\"lazy\" decoding=\"async\" src=\"https:\/\/recuperarte.com.br\/images\/p12p.jpg\" width=\"164\" height=\"122\" border=\"0\" \/><\/a><\/td>\n<td align=\"left\" width=\"206\"><\/td>\n<\/tr>\n<\/tbody>\n<\/table>\n<hr \/>\n<p><span class=\"FonteGrande\"><strong><br \/>\nCOTOVELEIRAS<br \/>\n<\/strong><\/span>(<em>Dep\u00f3sito de patente INPI \u2116 0600561-6<\/em>)<\/p>\n<p>As cotoveleiras s\u00e3o confeccionadas para obter a extens\u00e3o do cotovelo por meio de tra\u00e7\u00f5es suaves e graduais.<\/p>\n<table border=\"0\" width=\"618\" cellspacing=\"0\" cellpadding=\"0\">\n<tbody>\n<tr>\n<td align=\"left\" width=\"206\"><a><img loading=\"lazy\" decoding=\"async\" src=\"https:\/\/recuperarte.com.br\/images\/p13p.jpg\" width=\"164\" height=\"122\" border=\"0\" \/><\/a><\/td>\n<td align=\"left\" width=\"206\"><a><img loading=\"lazy\" decoding=\"async\" src=\"https:\/\/recuperarte.com.br\/images\/p14p.jpg\" width=\"164\" height=\"122\" border=\"0\" \/><\/a><\/td>\n<td align=\"left\" width=\"206\"><a><img loading=\"lazy\" decoding=\"async\" src=\"https:\/\/recuperarte.com.br\/images\/p15p.jpg\" width=\"164\" height=\"122\" border=\"0\" \/><\/a><\/td>\n<\/tr>\n<\/tbody>\n<\/table>\n<hr \/>\n<p><span class=\"FonteGrande\"><strong><br \/>\n\u00d3RTESES<\/strong><\/span><\/p>\n<table border=\"0\" width=\"100%\" cellspacing=\"0\" cellpadding=\"0\">\n<tbody>\n<tr>\n<td align=\"left\" valign=\"top\"><a><img loading=\"lazy\" decoding=\"async\" src=\"https:\/\/recuperarte.com.br\/images\/p10p.jpg\" alt=\"clique para ampliar\" width=\"164\" height=\"122\" border=\"0\" \/><br \/>\n<\/a><\/td>\n<td class=\"TextoJustificado\" align=\"left\" valign=\"top\"><strong>\u00d3rtese Extensora de Punho e Abdutora de Polegar com atua\u00e7\u00e3o ventral e dorsal associada \u00e0 rolo extensor de dedos<br \/>\n<\/strong><span class=\"FontePequena\">Dep\u00f3sito de patente INPI \u2116 0600561-6<\/span>A associa\u00e7\u00e3o destes dois produtos, isto \u00e9, \u00d3rtese Extensora de Punho e Abdutora de Polegar com atua\u00e7\u00e3o ventral e dorsal e rolo extensor de dedos, tem indica\u00e7\u00e3o para indiv\u00edduos que apresentem altera\u00e7\u00f5es neurol\u00f3gicas associadas \u00e0 m\u00e3o hipert\u00f4nica ou &#8216;fletida&#8217; em casos de AVE (&#8216;derrames cerebrais&#8217;), paralisias cerebrais e outros. Proporciona repouso por meio do posicionamento que se baseia na biomec\u00e2nica articular. Confeccionada em neoprene\u00ae que permite adequa\u00e7\u00e3o \u00e0s diferen\u00e7as anat\u00f4micas individuais. A \u00d3rtese Extensora de Punho e Abdutora de Polegar com Atua\u00e7\u00e3o Ventral e Dorsal pode ser utilizada isoladamente ou associada ao Rolo Extensor. Sua utiliza\u00e7\u00e3o isolada durante per\u00edodos diurnos n\u00e3o imobiliza os dedos deixando-os livres, permitindo assim a estimula\u00e7\u00e3o t\u00e1til da polpa dos dedos. E sua utiliza\u00e7\u00e3o durante per\u00edodos noturnos, associada ao rolo extensor de dedos, promove o adequado e confort\u00e1vel posicionamento de repouso. Por sua vez o rolo extensor \u00e9 um dispositivo desenvolvido para evitar a flex\u00e3o demasiada dos dedos em m\u00e3os &#8216;hipert\u00f4nicas&#8217;. Contem regulagem para a abertura e distanciamento entre os dedos e o polegar.<\/td>\n<\/tr>\n<tr>\n<td align=\"left\" valign=\"top\"><\/td>\n<td class=\"TextoJustificado\" align=\"left\" valign=\"top\"><\/td>\n<\/tr>\n<tr>\n<td align=\"left\" valign=\"top\" width=\"180\"><a><img loading=\"lazy\" decoding=\"async\" src=\"https:\/\/recuperarte.com.br\/images\/p02p.jpg\" alt=\"clique para ampliar\" width=\"164\" height=\"122\" border=\"0\" \/><\/a><\/td>\n<td class=\"TextoJustificado\" align=\"left\" valign=\"top\" width=\"438\"><strong>\u00d3rtese extensora de punho e abdutora de polegar<\/strong><br \/>\n<span class=\"FontePequena\">Dep\u00f3sito de patente INPI \u2116 0600561-6<\/span>Indicada para altera\u00e7\u00f5es neurol\u00f3gicas em casos de paralisias cerebrais. Proporciona funcionalidade por meio do posicionamento do punho e abertura do polegar. Confeccionada em neoprene\u00ae modelada respeitando as diferen\u00e7as anat\u00f4micas individuais.<\/td>\n<\/tr>\n<tr>\n<td align=\"left\" valign=\"top\" height=\"30\"><\/td>\n<td align=\"left\" valign=\"top\"><\/td>\n<\/tr>\n<tr>\n<td align=\"left\" valign=\"top\"><a><img loading=\"lazy\" decoding=\"async\" src=\"https:\/\/recuperarte.com.br\/images\/p03p.jpg\" width=\"164\" height=\"122\" border=\"0\" \/><\/a><\/td>\n<td class=\"TextoJustificado\" align=\"left\" valign=\"top\"><strong>\u00d3rtese de Repouso dorsal\u00a0<\/strong>Indicada para altera\u00e7\u00f5es neurol\u00f3gicas em casos de AVE (&#8220;derrames cerebrais&#8221;), paralisias cerebrais; ou altera\u00e7\u00f5es reumatol\u00f3gicas em casos de artrites ou tendinites. Proporciona repouso por meio do posicionamento que baseia-se na biomec\u00e2nica articular. Confeccionada em material termopl\u00e1stico que permite a modelagem e confec\u00e7\u00e3o diretamente na m\u00e3o afetada respeitando as diferen\u00e7as anat\u00f4micas individuais.<\/td>\n<\/tr>\n<tr>\n<td align=\"left\" valign=\"top\" height=\"30\"><\/td>\n<td align=\"left\" valign=\"top\"><\/td>\n<\/tr>\n<tr>\n<td align=\"left\" valign=\"top\"><a><img loading=\"lazy\" decoding=\"async\" src=\"https:\/\/recuperarte.com.br\/images\/p04p.jpg\" width=\"164\" height=\"122\" border=\"0\" \/><\/a><\/td>\n<td class=\"TextoJustificado\" align=\"left\" valign=\"top\"><strong>\u00d3rtese para Extens\u00e3o Din\u00e2mica dos Dedos<\/strong>Indicada para les\u00f5es tend\u00edneas, fraturas e outras altera\u00e7\u00f5es ortop\u00e9dicas conseq\u00fcentes de traumas nas m\u00e3os. Proporciona ganho de for\u00e7a muscular e posicionamento baseados na biomec\u00e2nica articular. Confeccionada em material termopl\u00e1stico que permite a modelagem e confec\u00e7\u00e3o diretamente na m\u00e3o afetada respeitando as diferen\u00e7as anat\u00f4micas individuais.<\/td>\n<\/tr>\n<tr>\n<td align=\"left\" valign=\"top\" height=\"30\"><\/td>\n<td align=\"left\" valign=\"top\"><\/td>\n<\/tr>\n<tr>\n<td align=\"left\" valign=\"top\"><a><img loading=\"lazy\" decoding=\"async\" src=\"https:\/\/recuperarte.com.br\/images\/p05p.jpg\" width=\"164\" height=\"122\" border=\"0\" \/><\/a><\/td>\n<td class=\"TextoJustificado\" align=\"left\" valign=\"top\"><strong>\u00d3rtese de apoio para o punho<\/strong>\u00a0( ou cock-up ventral)Indicada para altera\u00e7\u00f5es neurol\u00f3gicas em casos de AVE (&#8220;derrames cerebrais&#8221;), paralisias cerebrais; reumatol\u00f3gicas em casos de tendinites ; e ortop\u00e9dicas em casos de fraturas e reabilita\u00e7\u00e3o p\u00f3s-operat\u00f3ria. Proporciona repouso por meio do posicionamento que baseia-se na biomec\u00e2nica articular. Confeccionada em material termopl\u00e1stico que permite a modelagem e confec\u00e7\u00e3o diretamente na m\u00e3o afetada respeitando as diferen\u00e7as anat\u00f4micas individuais<\/td>\n<\/tr>\n<tr>\n<td align=\"left\" valign=\"top\" height=\"30\"><\/td>\n<td align=\"left\" valign=\"top\"><\/td>\n<\/tr>\n<tr>\n<td align=\"left\" valign=\"top\"><a><img loading=\"lazy\" decoding=\"async\" src=\"https:\/\/recuperarte.com.br\/images\/p06p.jpg\" width=\"164\" height=\"122\" border=\"0\" \/><\/a><\/td>\n<td class=\"TextoJustificado\" align=\"left\" valign=\"top\"><strong>\u00d3rtese para apoio da base do polegar<br \/>\n<\/strong><span class=\"FontePequena\">Dep\u00f3sito de patente INPI \u2116 0600561-6<\/span>\u00d3rtese de posicionamento funcional da articula\u00e7\u00e3o que forma a base do polegar (articula\u00e7\u00e3o trap\u00e9zio-metacarpiana) indicada para altera\u00e7\u00f5es ortop\u00e9dicas e reumatol\u00f3gicas em casos de artrites ou desgastes articulares da articula\u00e7\u00e3o denominada trap\u00e9zio-metacarpiana (rizartrose). Proporciona redu\u00e7\u00e3o da dor e repouso por meio do posicionamento que baseia-se na biomec\u00e2nica articular. Confeccionada em neoprene\u00ae modelada respeitando as diferen\u00e7as anat\u00f4micas individuais.<\/td>\n<\/tr>\n<tr>\n<td align=\"left\" valign=\"top\" height=\"30\"><\/td>\n<td class=\"TextoJustificado\" align=\"left\" valign=\"top\"><\/td>\n<\/tr>\n<tr>\n<td align=\"left\" valign=\"top\"><a><img loading=\"lazy\" decoding=\"async\" src=\"https:\/\/recuperarte.com.br\/images\/p07p.jpg\" width=\"164\" height=\"122\" border=\"0\" \/><\/a><\/td>\n<td class=\"TextoJustificado\" align=\"left\" valign=\"top\"><strong>\u00d3rtese para Artrite Reumat\u00f3ide<\/strong><br \/>\n<span class=\"FontePequena\">Dep\u00f3sito de patente INPI \u2116 0600561-6<\/span>\u00d3rtese de posicionamento dos dedos para evitar o desvio lateral (desvio ulnar) dos mesmos. Indicada para altera\u00e7\u00f5es reumatol\u00f3gicas em casos de artrites reumatoides. Proporciona repouso por meio do posicionamento que baseia-se na biomec\u00e2nica articular. Confeccionada em neoprene\u00ae o que proporciona maior conforto e adapta\u00e7\u00e3o permitindo maior funcionalidade.<\/td>\n<\/tr>\n<tr>\n<td align=\"left\" valign=\"top\" height=\"30\"><\/td>\n<td class=\"TextoJustificado\" align=\"left\" valign=\"top\"><\/td>\n<\/tr>\n<tr>\n<td align=\"left\" valign=\"top\"><a><img loading=\"lazy\" decoding=\"async\" src=\"https:\/\/recuperarte.com.br\/images\/p08p.jpg\" width=\"164\" height=\"122\" border=\"0\" \/><\/a><\/td>\n<td class=\"TextoJustificado\" align=\"left\" valign=\"top\"><strong>\u00d3rtese para abertura do polegar\u00a0<\/strong>(primeiro espa\u00e7o interdigital)<br \/>\n<span class=\"FontePequena\"><em>Primeiro Modelo<\/em><\/span>\u00d3rtese de posicionamento funcional da articula\u00e7\u00e3o que forma a base do polegar (articula\u00e7\u00e3o trap\u00e9zio-metacarpiana) indicada para altera\u00e7\u00f5es neurol\u00f3gicas em casos de paralisia cerebral. Proporciona abertura (ou abdu\u00e7\u00e3o ) do espa\u00e7o existente entre o polegar e o dedo indicador proporcionando a manipula\u00e7\u00e3o de objetos maiores. Atuando tamb\u00e9m na preserva\u00e7\u00e3o das estruturas articulares por meio do posicionamento que baseia-se na biomec\u00e2nica previamente estudada. Confeccionada em material termopl\u00e1stico que permite a modelagem e confec\u00e7\u00e3o diretamente na m\u00e3o afetada respeitando as diferen\u00e7as anat\u00f4micas individuais.<\/td>\n<\/tr>\n<tr>\n<td align=\"left\" valign=\"top\" height=\"30\"><\/td>\n<td class=\"TextoJustificado\" align=\"left\" valign=\"top\"><\/td>\n<\/tr>\n<tr>\n<td align=\"left\" valign=\"top\"><a><img loading=\"lazy\" decoding=\"async\" src=\"https:\/\/recuperarte.com.br\/images\/p09p.jpg\" width=\"164\" height=\"122\" border=\"0\" \/><\/a><\/td>\n<td class=\"TextoJustificado\" align=\"left\" valign=\"top\"><strong>\u00d3rtese para abertura do polegar\u00a0<\/strong>(primeiro espa\u00e7o interdigital)<br \/>\n<span class=\"FontePequena\">Dep\u00f3sito de patente INPI \u2116 0600561-6<br \/>\n<em>Segundo Modelo<\/em><\/span>\u00d3rtese de posicionamento funcional da articula\u00e7\u00e3o que forma a base do polegar (articula\u00e7\u00e3o trap\u00e9zio-metacarpiana) indicada para altera\u00e7\u00f5es neurol\u00f3gicas em casos de paralisia cerebral. Proporciona abertura (ou abdu\u00e7\u00e3o ) do espa\u00e7o existente entre o polegar e o dedo indicador proporcionando a manipula\u00e7\u00e3o de objetos maiores. Atuando tamb\u00e9m na preserva\u00e7\u00e3o das estruturas articulares por meio do posicionamento que baseia-se na biomec\u00e2nica previamente estudada. Confeccionada em neoprene\u00ae o que proporciona maior conforto e adapta\u00e7\u00e3o permitindo maior funcionalidade.<\/td>\n<\/tr>\n<\/tbody>\n<\/table>\n<\/td>\n<\/tr>\n<tr>\n<td class=\"TextoJustificado\" align=\"left\"><a class=\"linkAzul\" href=\"https:\/\/recuperarte.com.br\/?page_id=2947\">&lt;&lt;voltar<\/a><\/td>\n<\/tr>\n<\/tbody>\n<\/table>\n","protected":false},"excerpt":{"rendered":"<p>\u00d3rteses\u00a0s\u00e3o dispositivos que auxiliam o membro acometido durante a reabilita\u00e7\u00e3o funcional da m\u00e3o. Elas controlam, preservam, modificam e aumentam a mobilidade com o intuito de corrigir e adequar desvios e contraturas articulares.Entre as muitas vantagens, as \u00f3rteses proporcionam tratamentos menos dolorosos, mais modernos e per\u00edodos de recupera\u00e7\u00e3o muitas vezes mais curtos, possibilitando um retorno mais r\u00e1pido \u00e0s atividades de vida di\u00e1ria.Os tipos de \u00f3rteses variam de acordo com a necessidade [&hellip;]<\/p>\n","protected":false},"author":1,"featured_media":0,"parent":0,"menu_order":0,"comment_status":"open","ping_status":"closed","template":"","meta":{"footnotes":""},"_links":{"self":[{"href":"https:\/\/recuperarte.com.br\/index.php?rest_route=\/wp\/v2\/pages\/2946"}],"collection":[{"href":"https:\/\/recuperarte.com.br\/index.php?rest_route=\/wp\/v2\/pages"}],"about":[{"href":"https:\/\/recuperarte.com.br\/index.php?rest_route=\/wp\/v2\/types\/page"}],"author":[{"embeddable":true,"href":"https:\/\/recuperarte.com.br\/index.php?rest_route=\/wp\/v2\/users\/1"}],"replies":[{"embeddable":true,"href":"https:\/\/recuperarte.com.br\/index.php?rest_route=%2Fwp%2Fv2%2Fcomments&post=2946"}],"version-history":[{"count":5,"href":"https:\/\/recuperarte.com.br\/index.php?rest_route=\/wp\/v2\/pages\/2946\/revisions"}],"predecessor-version":[{"id":3095,"href":"https:\/\/recuperarte.com.br\/index.php?rest_route=\/wp\/v2\/pages\/2946\/revisions\/3095"}],"wp:attachment":[{"href":"https:\/\/recuperarte.com.br\/index.php?rest_route=%2Fwp%2Fv2%2Fmedia&parent=2946"}],"curies":[{"name":"wp","href":"https:\/\/api.w.org\/{rel}","templated":true}]}}