							
{"id":2942,"date":"2014-05-15T01:06:20","date_gmt":"2014-05-15T01:06:20","guid":{"rendered":"https:\/\/recuperarte.com.br\/consultoria-2\/"},"modified":"2018-11-12T17:41:09","modified_gmt":"2018-11-12T17:41:09","slug":"pesquisas-publicacoes","status":"publish","type":"page","link":"https:\/\/recuperarte.com.br\/?page_id=2942","title":{"rendered":"Pesquisas \/ Publica\u00e7\u00f5es"},"content":{"rendered":"<p class=\"FonteGrande\"><strong>Produ\u00e7\u00e3o Acad\u00eamica \/ Titula\u00e7\u00e3o<\/strong><\/p>\n<ul>\n<li><strong>PATR\u00cdCIA NETO BARROSO<\/strong><br \/>\nTese de doutorado em Bioengenharia &#8211;\u00a0<em>Universidade Federal de Minas Gerais<\/em><br \/>\n<strong>T\u00edtulo da Tese:<\/strong>\u00a0Nova \u00d3rtese Abdutora de Polegar e Extensora de Punho para Crian\u00e7as com Paralisia Cerebral: Avalia\u00e7\u00e3o de suas Contribui\u00e7\u00f5es para o Incremento da Funcionalidade Manual<\/li>\n<li><strong>PATR\u00cdCIA NETO BARROSO<\/strong><br \/>\nDisserta\u00e7\u00e3o de Mestrado em Bioengenharia &#8211;\u00a0<em>Universidade Federal de Minas Gerais<\/em><br \/>\n<strong>T\u00edtulo da disserta\u00e7\u00e3o<\/strong>: An\u00e1lise da Varia\u00e7\u00e3o Angular Funcional da Articula\u00e7\u00e3o Trapeziometacarpiana<\/li>\n<\/ul>\n<p class=\"FonteGrande\"><strong><br \/>\nProdu\u00e7\u00e3o Bibliogr\u00e1fica<\/strong><\/p>\n<p>1. BARROSO, P. N., VECHIO, S., XAVIER, Y. R., SESSELMAN, M (PHD), ARA\u00daJO, P. A. (MSc), PINOTTI, M. B.<br \/>\nImprovement of Hand Function in Children with Cerebral Palsy via an Orthosis that Provides Wrist Extension and Thumb Abduction. Clinical Biomechanics \u00a02011, 9: 937-943.<\/p>\n<p class=\"FonteGrande\"><strong><br \/>\nCap\u00edtulos de livros publicados<\/strong><\/p>\n<p>1. BARROSO, P. N.<br \/>\nDor In: Recomenda\u00e7\u00f5es para Avalia\u00e7\u00e3o do Membro Superior.2 ed.S\u00e3o Paulo : SBTM, 2005, v.1, p. 30-37.<\/p>\n<p>2. BARROSO, P. N.<br \/>\nProcesso Avaliativo em Terapia Ocupacional In: Terapia Ocupacional &#8211; Reabilita\u00e7\u00e3o F\u00edsica e Contextos Hospitalares.1 ed.S\u00e3o Paulo : Editora Roca Ltda, 2004, v.1, p. 74-98.<\/p>\n<p>3. BARROSO, P. N.<br \/>\nDor In: Recomenda\u00e7\u00f5es para Avalia\u00e7\u00e3o do Membro Superior.1 ed.S\u00e3o Paulo : SBTM, 2003, v.1, p. 25-32.<\/p>\n<p><strong class=\"FonteGrande\">Cursos no Exterior<\/strong><\/p>\n<p>1.Curso oferecido pela \u2018 International Federation of Societies for Hand Therapy International Federation of Societies for Hand Therapy\u2019, IFSHT, Canad\u00e1<\/p>\n<p>2. Curso oferecido pela \u2018Surgery and Rehabilitation of the Hand Thomas Jefferson University\u2019, T.J.U., Philadelphia, Estados Unidos<\/p>\n<p>3. Extens\u00e3o universit\u00e1ria em Est\u00e1gio de observa\u00e7\u00e3o oferecido pelo \u2018Center For Sports Medicine and Rehabilitation\u2019, CSMR, Estados Unidos<\/p>\n<p>4. Extens\u00e3o universit\u00e1ria em Est\u00e1gio de observa\u00e7\u00e3o oferecido pelo \u2018The Philadelphia Hand Center\u2019 P.C., P.C., Estados Unidos<\/p>\n<p>5. Extens\u00e3o universit\u00e1ria em Est\u00e1gio de observa\u00e7\u00e3o oferecido pelo \u2018Regional Hand Center\u2019, RHC, Estados Unidos<\/p>\n<p>6. Curso oferecido pela \u2018Surgery and Rehabilitation of the Hand. Thomas Jefferson University\u2019, T.J.U.,Philadelphia, Estados Unidos<\/p>\n<p>7. Extens\u00e3o universit\u00e1ria em Est\u00e1gio de observa\u00e7\u00e3o oferecido pela \u00a0\u2018Cleveland Clinic Florida\u2019, C.F., Estados Unidos<\/p>\n<p><strong class=\"FonteGrande\">Pr\u00eamios e t\u00edtulos<\/strong><\/p>\n<p><strong>2006<br \/>\n<\/strong>Ex-Presidente da Sociedade Brasileira de Terapeutas da M\u00e3o, Sociedade Brasileira de Terapeutas da M\u00e3o<\/p>\n<p><strong>1994<\/strong><br \/>\nMembro Efetivo da Sociedade Brasileira de Terapeutas da M\u00e3o, Sociedade Brasileira de Terapeutas da M\u00e3o<\/p>\n<p><strong class=\"FonteGrande\">Artigos em jornal de not\u00edcias<\/strong><\/p>\n<p>1. Dea Januzzi.<br \/>\nA fam\u00edlia agradece. Estado de Minas\/ caderno Sa\u00fade. , 2011. (<a class=\"linkAzul\">ver mat\u00e9ria<\/a>)<\/p>\n<p>2. Rebecca Ferrari<br \/>\nBrinquedoteca da APAE \u00e9 inaugurada com o apoio da Minasligas, 2011 (<a class=\"linkAzul\" href=\"https:\/\/recuperarte.com.br\/images\/brinquedoteca.pdf\" target=\"_blank\" rel=\"noopener\">ver mat\u00e9ria<\/a>)<\/p>\n<p>3. BARROSO, P. N., VELZE, C. V.<br \/>\nLes\u00f5es de M\u00e3o. Estado de Minas\/ caderno Sa\u00fade. , 2007.<\/p>\n<p>4. BARROSO, P. N.<br \/>\nCurso: \u00d3rtese para Pacientes Portadores de Altera\u00e7\u00f5es Neurol\u00f3gicas. Estado de Minas\/caderno Feminino, 1999.<\/p>\n<p>5. BARROSO, P. N.<br \/>\n&#8220;Compreendendo a Artrite Reumat\u00f3ide. Jornal da Sa\u00fade. Belo Horizonte, 1991.<\/p>\n<p>6. BARROSO, P. N.<br \/>\n&#8220;Splint&#8221;&#8230; novos caminhos para a m\u00e3o. Jornal da Sa\u00fade. Belo Horizonte, 1991.<\/p>\n<p>&nbsp;<\/p>\n<p class=\"FonteGrande\"><strong>Trabalhos publicados em anais de eventos<\/strong><\/p>\n<p>1. BARROSO, P. N., FARIA, A. M., TAVARES, A. A., LOUREN\u00c7O, I. R. A, PINOTTI, M. B.<br \/>\nAvalia\u00e7\u00e3o da Influ\u00eancia da Posi\u00e7\u00e3o do Punho no C\u00e1lculo de For\u00e7a Durante a Pin\u00e7a Polpa a Polpa In: X Congresso Brasileiro de reabilita\u00e7\u00e3o da M\u00e3o \u2013 SBTM, 2009, S\u00e3o Paulo.<br \/>\n<strong>X Congresso Brasileiro de reabilita\u00e7\u00e3o da M\u00e3o \u2013 SBTM<\/strong>. , 2009.<\/p>\n<p>2. BARROSO, P. N., VELOSO, M. P., FRAGOSO, T. C., XAVIER, Y. R., PINOTTI, M. B.<br \/>\nProposta de Mensura\u00e7\u00e3o do \u00e2ngulo Funcional da Articula\u00e7\u00e3o Trap\u00e9zio-Metacarpiana em Crian\u00e7as com Paralisia Cerebral In: X Congresso Brasileiro de reabilita\u00e7\u00e3o da M\u00e3o \u2013 SBTM, 2009, S\u00e3o Paulo.<br \/>\n<strong>X Congresso Brasileiro de reabilita\u00e7\u00e3o da M\u00e3o \u2013 SBTM<\/strong>. , 2009.<\/p>\n<p>3. BARROSO, P. N., NAGEM, D., LOUREN\u00c7O, I. R. A, KIRKWOOD, R., PINOTTI, M. B.<br \/>\nFunctional Analysis of Trapeziometacarpal joint During Prehension Tasks by Stereophotogrammetry In: Technology and Medical Sciences International, 2008, Diamantina.<br \/>\n<strong>Proceedings of TMSI\u00a0 2008<\/strong>. , 2008.<\/p>\n<p>4. BARROSO, P. N., NAGEM, D., TREDE, R., VIMIEIRO, C. B., KIRKWOOD, R., PINOTTI, M. B.<br \/>\nQuantitative Analysis of Thumb Range of Motion During Prehension Tasks In: Technology and Medical Sciences International, 2006, Dundee &#8211; Esc\u00f3cia.<br \/>\n<strong>Technology and Medical Sciences International<\/strong>. , 2006.<\/p>\n<p>5. BARROSO, P. N., MENESES, K. V. P., PINOTTI, M. B.<br \/>\nBiomechanical Study of Volar Plate Lesions in the Fingers Interphalangeal Joints In: 18 th International Congress of Mechanical Engineering, 2005, Ouro Preto.<br \/>\n<strong>18 th International Congress of Mechanical Engineering<\/strong>. , 2005.<\/p>\n<p>6. MENESES, K. V. P., ROCHA, D. N., CORREA, M. F. S., SCHULTZ, O. F. L., RESENDE, H. M., BARROSO, P. N., PINOTTI, M. B.<br \/>\nDevelopment of a Functional Hand Orthosis In: 18 th International Congress of Mechanical Engineering, 2005, Ouro Preto.<br \/>\n<strong>Proceedings of 18 th International Congress of Mechanical Engineering<\/strong>. , 2005.<\/p>\n<p>7. BARROSO, P. N., PIRES, P. J., MOREIRA, L. A., ALMEIDA, I. A, MACEDO, B. D.<br \/>\nTratamento de Les\u00f5es de Placa Volar na Articula\u00e7\u00e3o I. F. P dos Dedos pelo uso da \u00d3rtese Figura em 8 In: XXII Congresso Brasileiro de Terapia da M\u00e3o, VII Congresso Brasileiro de Reabilita\u00e7\u00e3o da M\u00e3o, II Jornada Luso-Franco-Brasileira de Terapia da M\u00e3o, 2003, S\u00e3o Paulo.<\/p>\n<p><strong>XXII Congresso Brasileiro de Terapia da M\u00e3o, VII Congresso Brasileiro de Reabilita\u00e7\u00e3o da M\u00e3o, II Jornada Luso-Franco-Brasileira de Terapia da M\u00e3o<\/strong>. , 2003.<\/p>\n<p>8. BARROSO, P. N., MANCINI, M. C., TICLE, F. S. L., AGUIAR, I. F.<br \/>\nAvalia\u00e7\u00e3o Cl\u00ednica de \u00d3rteses na Promo\u00e7\u00e3o do Desempenho Funcional da M\u00e3o em Crian\u00e7as com Paralisia Cerebral In: XIX Congresso Brasileiro de Cirurgia da M\u00e3o, VII Congreso Sudamericano de Cirugia de La Mano, II Congreso Sudamericano de Terapia de La Mano, II Encuentro Ibero-americano de Cirugia de La Mano, 1999, S\u00e3o Paulo.<\/p>\n<p><strong>XIX Congresso Brasileiro de Cirurgia da M\u00e3o, VII Congreso Sudamericano de Cirugia de La Mano, II Congreso Sudamericano de Terapia de La Mano, II Encuentro Ibero-americano de Cirugia de La Mano<\/strong>. , 1999.<\/p>\n<p>9. BARROSO, P. N., MANCINI, M. C, TICLE, F. S. L., AGUIAR, I. F.<br \/>\nEstudo da Efic\u00e1cia de \u00d3rteses na Promo\u00e7\u00e3o do Desempenho Funcional da M\u00e3o, em Crian\u00e7as com Paralisia Cerebral In: VI Congresso Brasileiro de Terapia Ocupacional, 1999, \u00c1guas de Lind\u00f3ia.<br \/>\n<strong>VI Congresso Brasileiro de Terapia Ocupacional<\/strong>. , 1999.<\/p>\n<p>10. BARROSO, P. N., ALVES, M. A.<br \/>\nO Papel de um Terapeuta Ocupacional em uma Equipe Interdisciplinar no Tratamento do Individuo Portador de Fibromialgia Cr\u00f4nica &#8211; Um Modelo Desenvolvido no Hospital Universit\u00e1rio de Pittsburgh; EUA In: V Congresso Brasileiro e IV Simp\u00f3sio Latino Americano de Terapia Ocupacional, 1997, Belo Horizonte.<br \/>\n<strong>V Congresso Brasileiro e IV Simp\u00f3sio Latino Americano de Terapia Ocupacional<\/strong>. , 1997.<\/p>\n<p>11. BARROSO, P. N.<br \/>\nTratamento das Les\u00f5es de Placa Volar da Articula\u00e7\u00e3o IFP dos Dedos pelo &#8220;Splint&#8221; Figura em 8 In: IV Congresso Brasileiro de Reabilita\u00e7\u00e3o da M\u00e3o, 1996, S\u00e3o Paulo.<br \/>\n<strong>IV Congresso Brasileiro de Reabilita\u00e7\u00e3o da M\u00e3o<\/strong>. , 1996.<\/p>\n<p>12. BARROSO, P. N.<br \/>\nExperi\u00eancia no Uso de Tr\u00eas Tipos de \u00d3rteses em M\u00e3os de Pacientes Portadores de Artrite Reumat\u00f3ide In: II Congresso Brasileiro de Reabilita\u00e7\u00e3o da M\u00e3o, 1992, S\u00e3o Paulo.<br \/>\n<strong>II Congresso Brasileiro de Reabilita\u00e7\u00e3o da M\u00e3o<\/strong>. , 1992.<\/p>\n<p><strong class=\"FonteGrande\">Trabalhos publicados em anais de congressos<\/strong><\/p>\n<p>1. BARROSO, P. N., NAGEM, D. X., KIRKWOOD, R. N., LOUREN\u00c7O, I. R., PINOTTI, M. B.<br \/>\nFunctional Analysis of Trapeziometacarpal joint During Prehension Tasks by Stereophotogrammetry. In:\u00a0<strong>Technology and Medical Sciences International,<\/strong>\u00a02008, Diamantina &#8211; MG.\u00a0<strong>Procceedings of TMSI\u00a0 2008<\/strong>.,\u00a0 v.1.<\/p>\n<p>2. NAGEM, D. X, BARROSO, P. N., PINOTTI, M. B.<br \/>\nThe BIomechanical Approach Duriny the Development of UFMG Hand Prosthesis In:\u00a0<strong>XIX International Congress of Mecahnical Engineering,\u00a0<\/strong>2007,Bras\u00edlia &#8211; DF.<br \/>\n<strong>Proccedings of COBEM 2007,\u00a0<\/strong>v.1.<\/p>\n<p>3. BARROSO, P. N., MIRANDA, R. J. C., KIRKWOOD, R. N., PINOTTI, M. B.<br \/>\nQuantitative Analysis of Thumb In:\u00a0<strong>XIX International Congress of Mecahnical Engineering,\u00a0<\/strong>2007, Bras\u00edlia &#8211; DF.<br \/>\n<strong>Proccedings of COBEM 2007,\u00a0<\/strong>v.1.<\/p>\n<p>4. NAGEM, D., BARROSO, P. N., PEREIRA,\u00a0 G.\u00a0 A. S. \u00a0PINOTTI, M. B.<br \/>\nDesenvolvimento das Rela\u00e7\u00f5es Interfalangeanas e Metacarpo-Falangeanas para os Dedos Durante Movimentos de Pin\u00e7as In:\u00a0<strong>IV Congresso Latino Americano de \u00d3rg\u00e3os Artificiais e Biomateriais<\/strong>, 2006, Caxambu<\/p>\n<p>5. BARROSO, P. N.<br \/>\nQuantifica\u00e7\u00e3o da Amplitude de Movimento a Partir de Imagens Digitais In:\u00a0<strong>26\u00b0 Congresso Brasileiro de Cirurgia da M\u00e3o, VIII Jornada de Reabilita\u00e7\u00e3o da M\u00e3o da SBTM<\/strong>. , 2006, S\u00e3o Paulo.<\/p>\n<p>6. BARROSO, P. N., TREDE, R., KIRKWOOD, R., VIMIEIRO, C., NAGEM, D., PINOTTI, M. B.<br \/>\nQuantitative Analysis of Thumb Range of Motion During Prehension Tasks:\u00a0<em>A Stereophotogrammetric Method<\/em><strong>.<\/strong>\u00a0In:\u00a0<strong>Technology and Medical Sciennces International<\/strong>, 2006, Dundee.<\/p>\n<p>7. BARROSO, P. N., MENESES, K. V. P., PINOTTI, M. B.<br \/>\nBiomechanical Study of Volar Plate Lesions in the Fingers Interphalangeal Joints In:\u00a0<strong>18 th International Congress of Mechanical Engineering<\/strong>, 2005, Ouro Preto.<\/p>\n<p>8. BARROSO, P. N.<br \/>\nDesenvolvimento de materiais e adapta\u00e7\u00f5es para terapia da m\u00e3o In:\u00a0<strong>XXV Congresso Brasileiro de Cirurgia da M\u00e3o<\/strong>, 2005, Joinville.<\/p>\n<p>9. MENESES, K. V. P., ROCHA, D. N., CORREA, M. F. S., SCHULTZ, O. F. L., RESENDE, H. M., SCHULTZ, O. F. L., BARROSO, P. N., PINOTTI, M. B.<br \/>\nDevelopment of a Functional Hand Orthosis<br \/>\nIn:\u00a0<strong>Proceedings of 18 th International Congress of Mechanical Engineering<\/strong>, 2005, Ouro Preto<strong>.<\/strong><\/p>\n<p>10. BARROSO, P. N.<br \/>\nTerapia da M\u00e3o e a Biomec\u00e2nica &#8211; &#8220;Pesquisas em Biomec\u00e2nica&#8221; &#8211; &#8220;An\u00e1lise Biomec\u00e2nica da Preens\u00e3o Atrav\u00e9s de Processamento Digital&#8221; In:\u00a0<strong>II Jornada de Terapia da M\u00e3o,\u00a0<\/strong>2005, S\u00e3o Paulo.<\/p>\n<p>11. BARROSO, P. N.<br \/>\nLes\u00f5es do Membro Superior no Esporte &#8211; Atualidades: Les\u00f5es mais freq\u00fcentes dos Metacarpianos e Falanges: Les\u00e3o da Placa Volar In:\u00a0<strong>Congresso do Instituto de Ortopedia e Traumotologia HCFMUSP<\/strong>, 2004, S\u00e3o Paulo.<\/p>\n<p>12. BARROSO, P. N.<br \/>\nProte\u00e7\u00e3o Articular e Conserva\u00e7\u00e3o de Energia In:\u00a0<strong>XXIII Congresso Brasileiro de Cirurgia da M\u00e3o, VII Congresso Brasileiro de Reabilita\u00e7\u00e3o da M\u00e3o, II Jornada Luso-Franco-Brasileira de Terapia da M\u00e3o<\/strong>, 2003, S\u00e3o Paulo.<\/p>\n<p>13. BARROSO, P. N., PIRES NETO, P. J., MOREIRA, L. A., ALMEIDA FILHO, I. A., MACEDO, B. D.<br \/>\nTratamento de Les\u00f5es de Placa Volar na Articula\u00e7\u00e3o I.F.P. dos dedos pleo In: XXII Congresso Brasileiro de Cirurgia da M\u00e3o, VII Congresso Brasileiro de Reabilita\u00e7\u00e3o da M\u00e3o, II Jornada Luso-Franco-Brasileira de Terapia da M\u00e3o, 2003, S\u00e3o Paulo.<\/p>\n<p>14. BARROSO, P. N.<br \/>\nFraturas M\u00e3o e Punho: Meta e Falanges In:\u00a0<strong>XXI Congresso Brasileiro de Cirurgia da M\u00e3o, II Jornada Luso-Brasileira de Reabilita\u00e7\u00e3o da M\u00e3o,<\/strong>\u00a02001, Gramado.<\/p>\n<p>15. BARROSO, P. N.<br \/>\nLes\u00f5es Traumaticas da M\u00e3o In:\u00a0<strong>VI Congresso Brasileiro de Reabilita\u00e7\u00e3o da M\u00e3o e II Simp\u00f3sio Internacional do Membro Superior,<\/strong>\u00a02000, Belo Horizonte.<\/p>\n<p>16. BARROSO, P. N., MANCINI, M. C., TICLE, F.S.L,, AGUIAR,I. F.,<br \/>\nAvalia\u00e7\u00e3o Cl\u00ednica de \u00d3rteses na Promo\u00e7\u00e3o do Desempenho Funcional da M\u00e3o em Crian\u00e7as com Paralisia Cerebral In:\u00a0<strong>XIX Congresso Brasileiro de Cirurgia da M\u00e3o, VII Congreso Sudamericano de Cirugia de La Mano, II Congreso Sudamericano de Terapia de La Mano, II Encuentro Ibero-americano de Cirugia de La Mano,<\/strong>\u00a01999, S\u00e3o Paulo.<\/p>\n<p>17. BARROSO, P. N., MANCINI, M. C., TICLE, F.S.L,, AGUIAR,I. F.,<br \/>\nEstudo da Efic\u00e1cia de \u00d3rteses na Promo\u00e7\u00e3o do Desempenho Funcional da M\u00e3o, em Crian\u00e7as com Paralisia Cerebral In:\u00a0<strong>VI Congresso Brasileiro de Terapia Ocupacional,<\/strong>\u00a01999, \u00c1guas de Lind\u00f3ia.<\/p>\n<p>18. BARROSO, P. N.<br \/>\nO Membro Superior na Paralisia Cerebral e Les\u00e3o Medular Alta &#8211; Uso de \u00d3rteses na Paralisia Cerebral In:\u00a0<strong>XIX Congresso Brasileiro de Cirurgia da M\u00e3o, VII Congreso Sudamericano de Cirugia de La Mano, II Congreso Sudamericano de Terapia de La Mano, II Encuentro Ibero-americano de Cirugia de La Mano,<\/strong>\u00a01999, S\u00e3o Paulo.<\/p>\n<p>19. BARROSO, P. N.<br \/>\nAvalia\u00e7\u00e3o da M\u00e3o Traumatizada In:\u00a0<strong>V Congresso Brasileiro de Reabilita\u00e7\u00e3o da M\u00e3o,<\/strong>\u00a01998, S\u00e3o Paulo.<\/p>\n<p>20. BARROSO, P. N.<br \/>\nRECUPERATE &#8211; Experi\u00eancia da Confec\u00e7\u00e3o de Adapta\u00e7\u00f5es Confeccionadas em Termopl\u00e1stico Recicl\u00e1vel In:\u00a0<strong>V Congresso Brasileiro de Reabilita\u00e7\u00e3o da M\u00e3o<\/strong>, 1998, S\u00e3o Paulo.<\/p>\n<p>21. BARROSO, P. N.<br \/>\nFraturas da Extremidade Distal do R\u00e1dio &#8211; Reabilita\u00e7\u00e3o P\u00f3s-Tratamento Com Gesso In:\u00a0<strong>XVII Congresso Brasileiro de Cirurgia da M\u00e3o, Simp\u00f3sio Internacional de Doen\u00e7as Ocupacionais,\u00a0<\/strong>1997, Belo Horizonte.<\/p>\n<p>22. BARROSO, P. N., ALVES, M. A.<br \/>\nO Papel de um Terapeuta Ocupacional em uma Equipe Interdiciplinar no Tratamento do Individuo Portador de Fibromialgia Cr\u00f4nica &#8211; Um Modelo Desenvolvido no Hospital Universit\u00e1rio de Pittsburgh; EUA In:\u00a0<strong>V Congresso Brasileiro e IV Simp\u00f3sio Latino Americano de Terapia Ocupacional,<\/strong>\u00a01997, Belo Horizonte.<\/p>\n<p>23. BARROSO, P. N.<br \/>\nReabilita\u00e7\u00e3o P\u00f3s-Tratamento Com Gesso In:\u00a0<strong>XVII Congresso Brasileiro de Cirurgia da M\u00e3o, Simp\u00f3sio Internacional de Doen\u00e7as Ocupacionais,\u00a0<\/strong>1997, Belo Horizonte.<\/p>\n<p>24. BARROSO, P. N.<br \/>\nTratamento das Les\u00f5es de Placa Volar da Articula\u00e7\u00e3o IFP dos Dedos pelo\u00a0<em>Splint<\/em>\u00a0Figura em 8 In:\u00a0<strong>IV Congresso Brasileiro de Reabilita\u00e7\u00e3o da M\u00e3o,\u00a0<\/strong>1996, S\u00e3o Paulo.<\/p>\n<p>25. BARROSO, P. N.<br \/>\nExperi\u00eancia no Uso de Tr\u00eas Tipos de \u00d3rteses em M\u00e3os de Pacientes Portadores de Artrite Reumat\u00f3ide In:\u00a0<strong>II Congresso Brasileiro de Reabilita\u00e7\u00e3o da M\u00e3o<\/strong>, 1992, S\u00e3o Paulo.<\/p>\n","protected":false},"excerpt":{"rendered":"<p>Produ\u00e7\u00e3o Acad\u00eamica \/ Titula\u00e7\u00e3o PATR\u00cdCIA NETO BARROSO Tese de doutorado em Bioengenharia &#8211;\u00a0Universidade Federal de Minas Gerais T\u00edtulo da Tese:\u00a0Nova \u00d3rtese Abdutora de Polegar e Extensora de Punho para Crian\u00e7as com Paralisia Cerebral: Avalia\u00e7\u00e3o de suas Contribui\u00e7\u00f5es para o Incremento da Funcionalidade Manual PATR\u00cdCIA NETO BARROSO Disserta\u00e7\u00e3o de Mestrado em Bioengenharia &#8211;\u00a0Universidade Federal de Minas Gerais T\u00edtulo da disserta\u00e7\u00e3o: An\u00e1lise da Varia\u00e7\u00e3o Angular Funcional da Articula\u00e7\u00e3o Trapeziometacarpiana Produ\u00e7\u00e3o Bibliogr\u00e1fica 1. [&hellip;]<\/p>\n","protected":false},"author":1,"featured_media":0,"parent":0,"menu_order":0,"comment_status":"open","ping_status":"closed","template":"","meta":{"footnotes":""},"_links":{"self":[{"href":"https:\/\/recuperarte.com.br\/index.php?rest_route=\/wp\/v2\/pages\/2942"}],"collection":[{"href":"https:\/\/recuperarte.com.br\/index.php?rest_route=\/wp\/v2\/pages"}],"about":[{"href":"https:\/\/recuperarte.com.br\/index.php?rest_route=\/wp\/v2\/types\/page"}],"author":[{"embeddable":true,"href":"https:\/\/recuperarte.com.br\/index.php?rest_route=\/wp\/v2\/users\/1"}],"replies":[{"embeddable":true,"href":"https:\/\/recuperarte.com.br\/index.php?rest_route=%2Fwp%2Fv2%2Fcomments&post=2942"}],"version-history":[{"count":2,"href":"https:\/\/recuperarte.com.br\/index.php?rest_route=\/wp\/v2\/pages\/2942\/revisions"}],"predecessor-version":[{"id":2944,"href":"https:\/\/recuperarte.com.br\/index.php?rest_route=\/wp\/v2\/pages\/2942\/revisions\/2944"}],"wp:attachment":[{"href":"https:\/\/recuperarte.com.br\/index.php?rest_route=%2Fwp%2Fv2%2Fmedia&parent=2942"}],"curies":[{"name":"wp","href":"https:\/\/api.w.org\/{rel}","templated":true}]}}