							
{"id":2909,"date":"2014-05-15T01:06:20","date_gmt":"2014-05-15T01:06:20","guid":{"rendered":"https:\/\/recuperarte.com.br\/consultoria-2\/"},"modified":"2018-11-12T16:41:32","modified_gmt":"2018-11-12T16:41:32","slug":"como-a-ortese-pode-ajudar","status":"publish","type":"page","link":"https:\/\/recuperarte.com.br\/?page_id=2909","title":{"rendered":"Como a \u00d3rtese pode ajudar"},"content":{"rendered":"<p>O termo \u00f3rtese origina-se da palavra grega \u201cOrthos\u201d que significa direito, reto, normal. Atrav\u00e9s disso podemos definir \u00f3rtese como um dispositivo exoesquel\u00e9tico que aplicado a um ou v\u00e1rios segmentos do corpo tem a finalidade de proporcionar o melhor alinhamento poss\u00edvel, buscando sempre a posi\u00e7\u00e3o funcional, ou seja, a mais adequada.<\/p>\n<blockquote><p>O tratamento com \u00f3rteses pode ser definido como a aplica\u00e7\u00e3o de for\u00e7as externas geradas por um aparelho utilizado pelo paciente. Embora, essa for\u00e7a seja elaborada biomecanicamente, tamb\u00e9m apresenta implica\u00e7\u00f5es neurol\u00f3gicas significativas, que resultam dos impulsos proporcionados ao SNC.<\/p><\/blockquote>\n<p>A \u00f3rtese deve ser usada como um adjunto no processo de reabilita\u00e7\u00e3o, de modo que, uma \u00f3rtese bem indicada, cuidadosamente elaborada e apropriadamente ajustada, com freq\u00fc\u00eancia favorece o tratamento terap\u00eautico. Entretanto, devemos considerar que o programa de exerc\u00edcios terap\u00eauticos, aliado \u00e0 interven\u00e7\u00e3o com \u00f3rteses, precisam abordar os mesmos problemas e devem ser direcionados para o mesmo resultado, tanto biomec\u00e2nico quanto neurol\u00f3gico.<\/p>\n<p>As finalidades principais das \u00f3rteses, entre outras, s\u00e3o evitar o aparecimento de deformidades, corrigir deformidades j\u00e1 existentes pass\u00edveis de corre\u00e7\u00e3o, bloquear e evitar movimentos anormais e reduzir, por seu uso bem indicado e constante. As \u00f3rteses em geral, podem atuar de tr\u00eas maneiras: prevenindo movimentos n\u00e3o desejados, estabilizando ou restringindo a linha de movimento de uma ou mais articula\u00e7\u00f5es; atrav\u00e9s da corre\u00e7\u00e3o da deformidade; ou ainda atrav\u00e9s do al\u00edvio total ou parcial do peso corporal ou da articula\u00e7\u00e3o.<\/p>\n<p>As \u00f3rteses s\u00e3o dispositivos que auxiliam o membro acometido durante a reabilita\u00e7\u00e3o da m\u00e3o. Elas controlam, preservam, modificam e aumentam a mobilidade com o intuito de corrigir desvios e contraturas articulares, retra\u00e7\u00f5es tendinosas; atendendo a casos traumatol\u00f3gicos (fraturas, por exemplo), reumatol\u00f3gicos (artrite reumat\u00f3ide e tendinites) e neurol\u00f3gicos (paralisia cerebral). As \u00f3rteses proporcionam tratamentos menos dolorosos, mais modernos e per\u00edodos de recupera\u00e7\u00e3o muitas vezes mais curtos, possibilitando um retorno mais r\u00e1pido ao trabalho e \u00e0s atividades de vida di\u00e1ria como digitar, escovar os dentes ou pentear os cabelos, devendo estar associadas aos exerc\u00edcios e atividades terap\u00eauticas, proporcionando um tratamento mais satisfat\u00f3rio.<\/p>\n<p>Os tipos de \u00f3rteses variam de acordo com a necessidade do paciente. Existem as est\u00e1ticas, est\u00e1ticas seriadas, est\u00e1ticas progressivas, articuladas (utilizadas para posicionamento do membro), as din\u00e2micas (utilizadas para o fortalecimento de m\u00fasculos) e as funcionais (as quais devem ser prescritas ap\u00f3s uma avalia\u00e7\u00e3o criteriosa das atividades de vida di\u00e1ria do paciente). Quanto \u00e0 classifica\u00e7\u00e3o, as \u00f3rteses podem ser pr\u00e9-fabricadas, que s\u00e3o feitas em s\u00e9rie, ou serem confeccionadas sob medida pelo terapeuta ocupacional respeitando as caracter\u00edsticas anat\u00f4micas individuais.<\/p>\n<p>Ap\u00f3s sua confec\u00e7\u00e3o, faz-se necess\u00e1rio um acompanhamento com observa\u00e7\u00e3o criteriosa do terapeuta ocupacional quanto \u00e0 melhora do padr\u00e3o funcional com o uso da \u00f3rtese e a opini\u00e3o do paciente (quando poss\u00edvel) ou familiar quanto ao benef\u00edcio obtido.<\/p>\n<p>Ao se confeccionar uma \u00f3rtese existem considera\u00e7\u00f5es anat\u00f4micas que devem ser respeitadas, por exemplo, os arcos e as pregas palmares, as estruturas \u00f3sseas, nervos e ligamentos. As articula\u00e7\u00f5es nunca devem ser imobilizadas sem necessidade para que n\u00e3o aja limita\u00e7\u00e3o da fun\u00e7\u00e3o da m\u00e3o.<\/p>\n<p>As \u00f3rteses sempre devem ser individuais, sempre relacionadas a um programa de exerc\u00edcios e atividades, ajustes constantes devem ser feitos.<\/p>\n","protected":false},"excerpt":{"rendered":"<p>O termo \u00f3rtese origina-se da palavra grega \u201cOrthos\u201d que significa direito, reto, normal. Atrav\u00e9s disso podemos definir \u00f3rtese como um dispositivo exoesquel\u00e9tico que aplicado a um ou v\u00e1rios segmentos do corpo tem a finalidade de proporcionar o melhor alinhamento poss\u00edvel, buscando sempre a posi\u00e7\u00e3o funcional, ou seja, a mais adequada. O tratamento com \u00f3rteses pode ser definido como a aplica\u00e7\u00e3o de for\u00e7as externas geradas por um aparelho utilizado pelo paciente. [&hellip;]<\/p>\n","protected":false},"author":1,"featured_media":0,"parent":0,"menu_order":0,"comment_status":"open","ping_status":"closed","template":"","meta":{"footnotes":""},"_links":{"self":[{"href":"https:\/\/recuperarte.com.br\/index.php?rest_route=\/wp\/v2\/pages\/2909"}],"collection":[{"href":"https:\/\/recuperarte.com.br\/index.php?rest_route=\/wp\/v2\/pages"}],"about":[{"href":"https:\/\/recuperarte.com.br\/index.php?rest_route=\/wp\/v2\/types\/page"}],"author":[{"embeddable":true,"href":"https:\/\/recuperarte.com.br\/index.php?rest_route=\/wp\/v2\/users\/1"}],"replies":[{"embeddable":true,"href":"https:\/\/recuperarte.com.br\/index.php?rest_route=%2Fwp%2Fv2%2Fcomments&post=2909"}],"version-history":[{"count":1,"href":"https:\/\/recuperarte.com.br\/index.php?rest_route=\/wp\/v2\/pages\/2909\/revisions"}],"predecessor-version":[{"id":2910,"href":"https:\/\/recuperarte.com.br\/index.php?rest_route=\/wp\/v2\/pages\/2909\/revisions\/2910"}],"wp:attachment":[{"href":"https:\/\/recuperarte.com.br\/index.php?rest_route=%2Fwp%2Fv2%2Fmedia&parent=2909"}],"curies":[{"name":"wp","href":"https:\/\/api.w.org\/{rel}","templated":true}]}}